{"id":8103,"date":"2022-11-08T01:21:27","date_gmt":"2022-11-08T06:21:27","guid":{"rendered":"https:\/\/audiosoundsas.com\/?post_type=product&#038;p=8103"},"modified":"2022-11-08T01:21:55","modified_gmt":"2022-11-08T06:21:55","slug":"amplificador-ambiental-as-amp650a-audio-sound","status":"publish","type":"product","link":"https:\/\/audiosoundsas.com\/?product=amplificador-ambiental-as-amp650a-audio-sound","title":{"rendered":"Amplificador ambiental AS-AMP650A &#8211; Audio Sound"},"content":{"rendered":"","protected":false},"excerpt":{"rendered":"<ul>\n<li><span class=\"error grammar\" title=\"No se deja un espacio a ambos lados de las comillas.\" data-type=\"grammar\" data-suggestions=\"[{&quot;value&quot;:&quot;\u00bb &quot;},{&quot;value&quot;:&quot; \u00bb&quot;}]\" data-rule=\"COMMA_PARENTHESIS_WHITESPACE\" data-word=\" \u00bb \">\u00bb Potencia<\/span>: 550 watts.<\/li>\n<li><span class=\"error grammar\" title=\"No se deja un espacio a ambos lados de las comillas.\" data-type=\"grammar\" data-suggestions=\"[{&quot;value&quot;:&quot;\u00bb &quot;},{&quot;value&quot;:&quot; \u00bb&quot;}]\" data-rule=\"COMMA_PARENTHESIS_WHITESPACE\" data-word=\" \u00bb \">\u00bb Funciones<\/span>:Volumen master y sistema de seis zonas independientes, dos entradas de micr\u00f3fono, reproductor USB, pantalla LCD, ECHO y alarma CHIME. Ecualizador de dos v\u00edas y dos entradas auxiliares, indicador de se\u00f1al LED, salida de se\u00f1al, MUTE y salida para parlantes 4-16Ohm 70 y 100 VOLTIOS y salidas de zonas, sistema de ventilador, medida tipo Rack.<\/li>\n<li><span class=\"error grammar\" title=\"No se deja un espacio a ambos lados de las comillas.\" data-type=\"grammar\" data-suggestions=\"[{&quot;value&quot;:&quot;\u00bb &quot;},{&quot;value&quot;:&quot; \u00bb&quot;}]\" data-rule=\"COMMA_PARENTHESIS_WHITESPACE\" data-word=\" \u00bb \">\u00bb Accesorios: Control y manual.<\/span><\/li>\n<\/ul>\n","protected":false},"featured_media":8056,"template":"","meta":[],"product_cat":[79],"product_tag":[],"class_list":{"0":"post-8103","1":"product","2":"type-product","3":"status-publish","4":"has-post-thumbnail","6":"product_cat-amplificadores-ambientales","8":"first","9":"instock","10":"shipping-taxable","11":"product-type-simple"},"yoast_head":"<!-- This site is optimized with the Yoast SEO plugin v19.8 - https:\/\/yoast.com\/wordpress\/plugins\/seo\/ -->\n<title>Amplificador ambiental AS-AMP650A - Audio Sound - Audiosoundsas<\/title>\n<meta name=\"robots\" content=\"index, follow, max-snippet:-1, max-image-preview:large, max-video-preview:-1\" \/>\n<link rel=\"canonical\" href=\"https:\/\/audiosoundsas.com\/?product=amplificador-ambiental-as-amp650a-audio-sound\" \/>\n<meta property=\"og:locale\" content=\"es_ES\" \/>\n<meta property=\"og:type\" content=\"article\" \/>\n<meta property=\"og:title\" content=\"Amplificador ambiental AS-AMP650A - Audio Sound - Audiosoundsas\" \/>\n<meta property=\"og:description\" content=\"\u00bb Potencia: 550 watts.  \u00bb Funciones:Volumen master y sistema de seis zonas independientes, dos entradas de micr\u00f3fono, reproductor USB, pantalla LCD, ECHO y alarma CHIME. Ecualizador de dos v\u00edas y dos entradas auxiliares, indicador de se\u00f1al LED, salida de se\u00f1al, MUTE y salida para parlantes 4-16Ohm 70 y 100 VOLTIOS y salidas de zonas, sistema de ventilador, medida tipo Rack.  \u00bb Accesorios: Control y manual.\" \/>\n<meta property=\"og:url\" content=\"https:\/\/audiosoundsas.com\/?product=amplificador-ambiental-as-amp650a-audio-sound\" \/>\n<meta property=\"og:site_name\" content=\"Audiosoundsas\" \/>\n<meta property=\"article:modified_time\" content=\"2022-11-08T06:21:55+00:00\" \/>\n<meta property=\"og:image\" content=\"https:\/\/audiosoundsas.com\/wp-content\/uploads\/2022\/10\/6.-Planta-ambiental-frente-web.jpg\" \/>\n\t<meta property=\"og:image:width\" content=\"1600\" \/>\n\t<meta property=\"og:image:height\" content=\"1498\" \/>\n\t<meta property=\"og:image:type\" content=\"image\/jpeg\" \/>\n<meta name=\"twitter:card\" content=\"summary_large_image\" \/>\n<script type=\"application\/ld+json\" class=\"yoast-schema-graph\">{\"@context\":\"https:\/\/schema.org\",\"@graph\":[{\"@type\":\"WebPage\",\"@id\":\"https:\/\/audiosoundsas.com\/?product=amplificador-ambiental-as-amp650a-audio-sound\",\"url\":\"https:\/\/audiosoundsas.com\/?product=amplificador-ambiental-as-amp650a-audio-sound\",\"name\":\"Amplificador ambiental AS-AMP650A - Audio Sound - Audiosoundsas\",\"isPartOf\":{\"@id\":\"https:\/\/audiosoundsas.com\/#website\"},\"datePublished\":\"2022-11-08T06:21:27+00:00\",\"dateModified\":\"2022-11-08T06:21:55+00:00\",\"breadcrumb\":{\"@id\":\"https:\/\/audiosoundsas.com\/?product=amplificador-ambiental-as-amp650a-audio-sound#breadcrumb\"},\"inLanguage\":\"es\",\"potentialAction\":[{\"@type\":\"ReadAction\",\"target\":[\"https:\/\/audiosoundsas.com\/?product=amplificador-ambiental-as-amp650a-audio-sound\"]}]},{\"@type\":\"BreadcrumbList\",\"@id\":\"https:\/\/audiosoundsas.com\/?product=amplificador-ambiental-as-amp650a-audio-sound#breadcrumb\",\"itemListElement\":[{\"@type\":\"ListItem\",\"position\":1,\"name\":\"Portada\",\"item\":\"https:\/\/audiosoundsas.com\/\"},{\"@type\":\"ListItem\",\"position\":2,\"name\":\"Productos\",\"item\":\"https:\/\/audiosoundsas.com\/?page_id=8\"},{\"@type\":\"ListItem\",\"position\":3,\"name\":\"Amplificador ambiental AS-AMP650A &#8211; Audio Sound\"}]},{\"@type\":\"WebSite\",\"@id\":\"https:\/\/audiosoundsas.com\/#website\",\"url\":\"https:\/\/audiosoundsas.com\/\",\"name\":\"Audiosoundsas\",\"description\":\"P\u00e1gina web oficial de la marca Audio Sound\",\"potentialAction\":[{\"@type\":\"SearchAction\",\"target\":{\"@type\":\"EntryPoint\",\"urlTemplate\":\"https:\/\/audiosoundsas.com\/?s={search_term_string}\"},\"query-input\":\"required name=search_term_string\"}],\"inLanguage\":\"es\"}]}<\/script>\n<!-- \/ Yoast SEO plugin. -->","yoast_head_json":{"title":"Amplificador ambiental AS-AMP650A - Audio Sound - Audiosoundsas","robots":{"index":"index","follow":"follow","max-snippet":"max-snippet:-1","max-image-preview":"max-image-preview:large","max-video-preview":"max-video-preview:-1"},"canonical":"https:\/\/audiosoundsas.com\/?product=amplificador-ambiental-as-amp650a-audio-sound","og_locale":"es_ES","og_type":"article","og_title":"Amplificador ambiental AS-AMP650A - Audio Sound - Audiosoundsas","og_description":"\u00bb Potencia: 550 watts.  \u00bb Funciones:Volumen master y sistema de seis zonas independientes, dos entradas de micr\u00f3fono, reproductor USB, pantalla LCD, ECHO y alarma CHIME. Ecualizador de dos v\u00edas y dos entradas auxiliares, indicador de se\u00f1al LED, salida de se\u00f1al, MUTE y salida para parlantes 4-16Ohm 70 y 100 VOLTIOS y salidas de zonas, sistema de ventilador, medida tipo Rack.  \u00bb Accesorios: Control y manual.","og_url":"https:\/\/audiosoundsas.com\/?product=amplificador-ambiental-as-amp650a-audio-sound","og_site_name":"Audiosoundsas","article_modified_time":"2022-11-08T06:21:55+00:00","og_image":[{"width":1600,"height":1498,"url":"https:\/\/audiosoundsas.com\/wp-content\/uploads\/2022\/10\/6.-Planta-ambiental-frente-web.jpg","type":"image\/jpeg"}],"twitter_card":"summary_large_image","schema":{"@context":"https:\/\/schema.org","@graph":[{"@type":"WebPage","@id":"https:\/\/audiosoundsas.com\/?product=amplificador-ambiental-as-amp650a-audio-sound","url":"https:\/\/audiosoundsas.com\/?product=amplificador-ambiental-as-amp650a-audio-sound","name":"Amplificador ambiental AS-AMP650A - Audio Sound - Audiosoundsas","isPartOf":{"@id":"https:\/\/audiosoundsas.com\/#website"},"datePublished":"2022-11-08T06:21:27+00:00","dateModified":"2022-11-08T06:21:55+00:00","breadcrumb":{"@id":"https:\/\/audiosoundsas.com\/?product=amplificador-ambiental-as-amp650a-audio-sound#breadcrumb"},"inLanguage":"es","potentialAction":[{"@type":"ReadAction","target":["https:\/\/audiosoundsas.com\/?product=amplificador-ambiental-as-amp650a-audio-sound"]}]},{"@type":"BreadcrumbList","@id":"https:\/\/audiosoundsas.com\/?product=amplificador-ambiental-as-amp650a-audio-sound#breadcrumb","itemListElement":[{"@type":"ListItem","position":1,"name":"Portada","item":"https:\/\/audiosoundsas.com\/"},{"@type":"ListItem","position":2,"name":"Productos","item":"https:\/\/audiosoundsas.com\/?page_id=8"},{"@type":"ListItem","position":3,"name":"Amplificador ambiental AS-AMP650A &#8211; Audio Sound"}]},{"@type":"WebSite","@id":"https:\/\/audiosoundsas.com\/#website","url":"https:\/\/audiosoundsas.com\/","name":"Audiosoundsas","description":"P\u00e1gina web oficial de la marca Audio Sound","potentialAction":[{"@type":"SearchAction","target":{"@type":"EntryPoint","urlTemplate":"https:\/\/audiosoundsas.com\/?s={search_term_string}"},"query-input":"required name=search_term_string"}],"inLanguage":"es"}]}},"_links":{"self":[{"href":"https:\/\/audiosoundsas.com\/index.php?rest_route=\/wp\/v2\/product\/8103","targetHints":{"allow":["GET"]}}],"collection":[{"href":"https:\/\/audiosoundsas.com\/index.php?rest_route=\/wp\/v2\/product"}],"about":[{"href":"https:\/\/audiosoundsas.com\/index.php?rest_route=\/wp\/v2\/types\/product"}],"wp:featuredmedia":[{"embeddable":true,"href":"https:\/\/audiosoundsas.com\/index.php?rest_route=\/wp\/v2\/media\/8056"}],"wp:attachment":[{"href":"https:\/\/audiosoundsas.com\/index.php?rest_route=%2Fwp%2Fv2%2Fmedia&parent=8103"}],"wp:term":[{"taxonomy":"product_cat","embeddable":true,"href":"https:\/\/audiosoundsas.com\/index.php?rest_route=%2Fwp%2Fv2%2Fproduct_cat&post=8103"},{"taxonomy":"product_tag","embeddable":true,"href":"https:\/\/audiosoundsas.com\/index.php?rest_route=%2Fwp%2Fv2%2Fproduct_tag&post=8103"}],"curies":[{"name":"wp","href":"https:\/\/api.w.org\/{rel}","templated":true}]}}