{"id":8113,"date":"2023-05-13T12:26:42","date_gmt":"2023-05-13T17:26:42","guid":{"rendered":"https:\/\/audiosoundsas.com\/?post_type=product&#038;p=8113"},"modified":"2023-05-13T12:32:43","modified_gmt":"2023-05-13T17:32:43","slug":"mixer-as-mx16prodsp-audio-sound","status":"publish","type":"product","link":"https:\/\/audiosoundsas.com\/?product=mixer-as-mx16prodsp-audio-sound","title":{"rendered":"Mixer AS-MX16PRODSP &#8211; Audio Sound"},"content":{"rendered":"","protected":false},"excerpt":{"rendered":"<p>Canales: 16<\/p>\n<p class=\"p1\">Equipada con sistema DSP de 99 efectos con pantalla LED, lector USB MP3 con pantalla LED, ecualizador gr\u00e1fico doble master y ecualizador de 3 v\u00edas por canal. Phantom Power 48V, sistema de monitoreo, equipada con funci\u00f3n 2 grupos y salidas master estereo balanceadas XLR.<\/p>\n","protected":false},"featured_media":8114,"template":"","meta":[],"product_cat":[82],"product_tag":[],"class_list":{"0":"post-8113","1":"product","2":"type-product","3":"status-publish","4":"has-post-thumbnail","6":"product_cat-mixers-linea-profesional","8":"first","9":"instock","10":"shipping-taxable","11":"product-type-simple"},"yoast_head":"<!-- This site is optimized with the Yoast SEO plugin v19.8 - https:\/\/yoast.com\/wordpress\/plugins\/seo\/ -->\n<title>Mixer AS-MX16PRODSP - Audio Sound - Audiosoundsas<\/title>\n<meta name=\"robots\" content=\"index, follow, max-snippet:-1, max-image-preview:large, max-video-preview:-1\" \/>\n<link rel=\"canonical\" href=\"https:\/\/audiosoundsas.com\/?product=mixer-as-mx16prodsp-audio-sound\" \/>\n<meta property=\"og:locale\" content=\"es_ES\" \/>\n<meta property=\"og:type\" content=\"article\" \/>\n<meta property=\"og:title\" content=\"Mixer AS-MX16PRODSP - Audio Sound - Audiosoundsas\" \/>\n<meta property=\"og:description\" content=\"Canales: 16 Equipada con sistema DSP de 99 efectos con pantalla LED, lector USB MP3 con pantalla LED, ecualizador gr\u00e1fico doble master y ecualizador de 3 v\u00edas por canal. Phantom Power 48V, sistema de monitoreo, equipada con funci\u00f3n 2 grupos y salidas master estereo balanceadas XLR.\" \/>\n<meta property=\"og:url\" content=\"https:\/\/audiosoundsas.com\/?product=mixer-as-mx16prodsp-audio-sound\" \/>\n<meta property=\"og:site_name\" content=\"Audiosoundsas\" \/>\n<meta property=\"article:modified_time\" content=\"2023-05-13T17:32:43+00:00\" \/>\n<meta property=\"og:image\" content=\"https:\/\/audiosoundsas.com\/wp-content\/uploads\/2023\/05\/5.-AS-MX16PRODSP-100.jpg\" \/>\n\t<meta property=\"og:image:width\" content=\"1201\" \/>\n\t<meta property=\"og:image:height\" content=\"1201\" \/>\n\t<meta property=\"og:image:type\" content=\"image\/jpeg\" \/>\n<meta name=\"twitter:card\" content=\"summary_large_image\" \/>\n<script type=\"application\/ld+json\" class=\"yoast-schema-graph\">{\"@context\":\"https:\/\/schema.org\",\"@graph\":[{\"@type\":\"WebPage\",\"@id\":\"https:\/\/audiosoundsas.com\/?product=mixer-as-mx16prodsp-audio-sound\",\"url\":\"https:\/\/audiosoundsas.com\/?product=mixer-as-mx16prodsp-audio-sound\",\"name\":\"Mixer AS-MX16PRODSP - Audio Sound - Audiosoundsas\",\"isPartOf\":{\"@id\":\"https:\/\/audiosoundsas.com\/#website\"},\"datePublished\":\"2023-05-13T17:26:42+00:00\",\"dateModified\":\"2023-05-13T17:32:43+00:00\",\"breadcrumb\":{\"@id\":\"https:\/\/audiosoundsas.com\/?product=mixer-as-mx16prodsp-audio-sound#breadcrumb\"},\"inLanguage\":\"es\",\"potentialAction\":[{\"@type\":\"ReadAction\",\"target\":[\"https:\/\/audiosoundsas.com\/?product=mixer-as-mx16prodsp-audio-sound\"]}]},{\"@type\":\"BreadcrumbList\",\"@id\":\"https:\/\/audiosoundsas.com\/?product=mixer-as-mx16prodsp-audio-sound#breadcrumb\",\"itemListElement\":[{\"@type\":\"ListItem\",\"position\":1,\"name\":\"Portada\",\"item\":\"https:\/\/audiosoundsas.com\/\"},{\"@type\":\"ListItem\",\"position\":2,\"name\":\"Productos\",\"item\":\"https:\/\/audiosoundsas.com\/?page_id=8\"},{\"@type\":\"ListItem\",\"position\":3,\"name\":\"Mixer AS-MX16PRODSP &#8211; Audio Sound\"}]},{\"@type\":\"WebSite\",\"@id\":\"https:\/\/audiosoundsas.com\/#website\",\"url\":\"https:\/\/audiosoundsas.com\/\",\"name\":\"Audiosoundsas\",\"description\":\"P\u00e1gina web oficial de la marca Audio Sound\",\"potentialAction\":[{\"@type\":\"SearchAction\",\"target\":{\"@type\":\"EntryPoint\",\"urlTemplate\":\"https:\/\/audiosoundsas.com\/?s={search_term_string}\"},\"query-input\":\"required name=search_term_string\"}],\"inLanguage\":\"es\"}]}<\/script>\n<!-- \/ Yoast SEO plugin. -->","yoast_head_json":{"title":"Mixer AS-MX16PRODSP - Audio Sound - Audiosoundsas","robots":{"index":"index","follow":"follow","max-snippet":"max-snippet:-1","max-image-preview":"max-image-preview:large","max-video-preview":"max-video-preview:-1"},"canonical":"https:\/\/audiosoundsas.com\/?product=mixer-as-mx16prodsp-audio-sound","og_locale":"es_ES","og_type":"article","og_title":"Mixer AS-MX16PRODSP - Audio Sound - Audiosoundsas","og_description":"Canales: 16 Equipada con sistema DSP de 99 efectos con pantalla LED, lector USB MP3 con pantalla LED, ecualizador gr\u00e1fico doble master y ecualizador de 3 v\u00edas por canal. Phantom Power 48V, sistema de monitoreo, equipada con funci\u00f3n 2 grupos y salidas master estereo balanceadas XLR.","og_url":"https:\/\/audiosoundsas.com\/?product=mixer-as-mx16prodsp-audio-sound","og_site_name":"Audiosoundsas","article_modified_time":"2023-05-13T17:32:43+00:00","og_image":[{"width":1201,"height":1201,"url":"https:\/\/audiosoundsas.com\/wp-content\/uploads\/2023\/05\/5.-AS-MX16PRODSP-100.jpg","type":"image\/jpeg"}],"twitter_card":"summary_large_image","schema":{"@context":"https:\/\/schema.org","@graph":[{"@type":"WebPage","@id":"https:\/\/audiosoundsas.com\/?product=mixer-as-mx16prodsp-audio-sound","url":"https:\/\/audiosoundsas.com\/?product=mixer-as-mx16prodsp-audio-sound","name":"Mixer AS-MX16PRODSP - Audio Sound - Audiosoundsas","isPartOf":{"@id":"https:\/\/audiosoundsas.com\/#website"},"datePublished":"2023-05-13T17:26:42+00:00","dateModified":"2023-05-13T17:32:43+00:00","breadcrumb":{"@id":"https:\/\/audiosoundsas.com\/?product=mixer-as-mx16prodsp-audio-sound#breadcrumb"},"inLanguage":"es","potentialAction":[{"@type":"ReadAction","target":["https:\/\/audiosoundsas.com\/?product=mixer-as-mx16prodsp-audio-sound"]}]},{"@type":"BreadcrumbList","@id":"https:\/\/audiosoundsas.com\/?product=mixer-as-mx16prodsp-audio-sound#breadcrumb","itemListElement":[{"@type":"ListItem","position":1,"name":"Portada","item":"https:\/\/audiosoundsas.com\/"},{"@type":"ListItem","position":2,"name":"Productos","item":"https:\/\/audiosoundsas.com\/?page_id=8"},{"@type":"ListItem","position":3,"name":"Mixer AS-MX16PRODSP &#8211; Audio Sound"}]},{"@type":"WebSite","@id":"https:\/\/audiosoundsas.com\/#website","url":"https:\/\/audiosoundsas.com\/","name":"Audiosoundsas","description":"P\u00e1gina web oficial de la marca Audio Sound","potentialAction":[{"@type":"SearchAction","target":{"@type":"EntryPoint","urlTemplate":"https:\/\/audiosoundsas.com\/?s={search_term_string}"},"query-input":"required name=search_term_string"}],"inLanguage":"es"}]}},"_links":{"self":[{"href":"https:\/\/audiosoundsas.com\/index.php?rest_route=\/wp\/v2\/product\/8113","targetHints":{"allow":["GET"]}}],"collection":[{"href":"https:\/\/audiosoundsas.com\/index.php?rest_route=\/wp\/v2\/product"}],"about":[{"href":"https:\/\/audiosoundsas.com\/index.php?rest_route=\/wp\/v2\/types\/product"}],"wp:featuredmedia":[{"embeddable":true,"href":"https:\/\/audiosoundsas.com\/index.php?rest_route=\/wp\/v2\/media\/8114"}],"wp:attachment":[{"href":"https:\/\/audiosoundsas.com\/index.php?rest_route=%2Fwp%2Fv2%2Fmedia&parent=8113"}],"wp:term":[{"taxonomy":"product_cat","embeddable":true,"href":"https:\/\/audiosoundsas.com\/index.php?rest_route=%2Fwp%2Fv2%2Fproduct_cat&post=8113"},{"taxonomy":"product_tag","embeddable":true,"href":"https:\/\/audiosoundsas.com\/index.php?rest_route=%2Fwp%2Fv2%2Fproduct_tag&post=8113"}],"curies":[{"name":"wp","href":"https:\/\/api.w.org\/{rel}","templated":true}]}}