{"id":8276,"date":"2024-05-02T01:56:33","date_gmt":"2024-05-02T06:56:33","guid":{"rendered":"https:\/\/audiosoundsas.com\/?post_type=product&#038;p=8276"},"modified":"2024-05-02T01:59:17","modified_gmt":"2024-05-02T06:59:17","slug":"microfonos-dobles-inalambricos-uhf-999-audio-sound","status":"publish","type":"product","link":"https:\/\/audiosoundsas.com\/?product=microfonos-dobles-inalambricos-uhf-999-audio-sound","title":{"rendered":"Micr\u00f3fonos dobles inal\u00e1mbricos UHF-999  &#8211; Audio Sound"},"content":{"rendered":"","protected":false},"excerpt":{"rendered":"<ul>\n<li><span class=\"error grammar\" title=\"No se deja un espacio a ambos lados de las comillas.\" data-type=\"grammar\" data-suggestions=\"[{&quot;value&quot;:&quot;\u00bb &quot;},{&quot;value&quot;:&quot; \u00bb&quot;}]\" data-rule=\"COMMA_PARENTHESIS_WHITESPACE\" data-word=\" \u00bb \">\u00bb <\/span>200 FRECUENCIAS ESCANEABLES<\/li>\n<li><span class=\"error grammar\" title=\"No se deja un espacio a ambos lados de las comillas.\" data-type=\"grammar\" data-suggestions=\"[{&quot;value&quot;:&quot;\u00bb &quot;},{&quot;value&quot;:&quot; \u00bb&quot;}]\" data-rule=\"COMMA_PARENTHESIS_WHITESPACE\" data-word=\" \u00bb \"><span class=\"error grammar\" title=\"No se deja un espacio a ambos lados de las comillas.\" data-type=\"grammar\" data-suggestions=\"[{&quot;value&quot;:&quot;\u00bb &quot;},{&quot;value&quot;:&quot; \u00bb&quot;}]\" data-rule=\"COMMA_PARENTHESIS_WHITESPACE\" data-word=\" \u00bb \">\u00bb FUNCIONES: Kit micr\u00f3fonos inal\u00e1mbricos de cuerpo met\u00e1lico, pantalla digital, control de volumen independiente, frecuencia escaneable UHF, 100 metros de distancia, salida de se\u00f1al balanceada XLR, Rackeable, din\u00e1mico cardioide. Rango de frecuencias 470-932MHz\u00a0<\/span><\/span><\/li>\n<li><span class=\"error grammar\" title=\"No se deja un espacio a ambos lados de las comillas.\" data-type=\"grammar\" data-suggestions=\"[{&quot;value&quot;:&quot;\u00bb &quot;},{&quot;value&quot;:&quot; \u00bb&quot;}]\" data-rule=\"COMMA_PARENTHESIS_WHITESPACE\" data-word=\" \u00bb \"><span class=\"error grammar\" title=\"No se deja un espacio a ambos lados de las comillas.\" data-type=\"grammar\" data-suggestions=\"[{&quot;value&quot;:&quot;\u00bb &quot;},{&quot;value&quot;:&quot; \u00bb&quot;}]\" data-rule=\"COMMA_PARENTHESIS_WHITESPACE\" data-word=\" \u00bb \">\u00bbACCESORIOS: Aletas para Rack, adaptador de voltaje, bater\u00edas AA y malet\u00edn de aluminio.<\/span><\/span><\/li>\n<\/ul>\n","protected":false},"featured_media":8277,"template":"","meta":[],"product_cat":[85],"product_tag":[],"class_list":{"0":"post-8276","1":"product","2":"type-product","3":"status-publish","4":"has-post-thumbnail","6":"product_cat-microfonos-inalambricos","8":"first","9":"instock","10":"shipping-taxable","11":"product-type-simple"},"yoast_head":"<!-- This site is optimized with the Yoast SEO plugin v19.8 - https:\/\/yoast.com\/wordpress\/plugins\/seo\/ -->\n<title>Micr\u00f3fonos dobles inal\u00e1mbricos UHF-999 - Audio Sound - Audiosoundsas<\/title>\n<meta name=\"robots\" content=\"index, follow, max-snippet:-1, max-image-preview:large, max-video-preview:-1\" \/>\n<link rel=\"canonical\" href=\"https:\/\/audiosoundsas.com\/?product=microfonos-dobles-inalambricos-uhf-999-audio-sound\" \/>\n<meta property=\"og:locale\" content=\"es_ES\" \/>\n<meta property=\"og:type\" content=\"article\" \/>\n<meta property=\"og:title\" content=\"Micr\u00f3fonos dobles inal\u00e1mbricos UHF-999 - Audio Sound - Audiosoundsas\" \/>\n<meta property=\"og:description\" content=\"\u00bb 200 FRECUENCIAS ESCANEABLES  \u00bb FUNCIONES: Kit micr\u00f3fonos inal\u00e1mbricos de cuerpo met\u00e1lico, pantalla digital, control de volumen independiente, frecuencia escaneable UHF, 100 metros de distancia, salida de se\u00f1al balanceada XLR, Rackeable, din\u00e1mico cardioide. Rango de frecuencias 470-932MHz\u00a0  \u00bbACCESORIOS: Aletas para Rack, adaptador de voltaje, bater\u00edas AA y malet\u00edn de aluminio.\" \/>\n<meta property=\"og:url\" content=\"https:\/\/audiosoundsas.com\/?product=microfonos-dobles-inalambricos-uhf-999-audio-sound\" \/>\n<meta property=\"og:site_name\" content=\"Audiosoundsas\" \/>\n<meta property=\"article:modified_time\" content=\"2024-05-02T06:59:17+00:00\" \/>\n<meta property=\"og:image\" content=\"https:\/\/audiosoundsas.com\/wp-content\/uploads\/2024\/05\/15-UHF-999-PRO-100.jpg\" \/>\n\t<meta property=\"og:image:width\" content=\"1001\" \/>\n\t<meta property=\"og:image:height\" content=\"1001\" \/>\n\t<meta property=\"og:image:type\" content=\"image\/jpeg\" \/>\n<meta name=\"twitter:card\" content=\"summary_large_image\" \/>\n<script type=\"application\/ld+json\" class=\"yoast-schema-graph\">{\"@context\":\"https:\/\/schema.org\",\"@graph\":[{\"@type\":\"WebPage\",\"@id\":\"https:\/\/audiosoundsas.com\/?product=microfonos-dobles-inalambricos-uhf-999-audio-sound\",\"url\":\"https:\/\/audiosoundsas.com\/?product=microfonos-dobles-inalambricos-uhf-999-audio-sound\",\"name\":\"Micr\u00f3fonos dobles inal\u00e1mbricos UHF-999 - Audio Sound - Audiosoundsas\",\"isPartOf\":{\"@id\":\"https:\/\/audiosoundsas.com\/#website\"},\"datePublished\":\"2024-05-02T06:56:33+00:00\",\"dateModified\":\"2024-05-02T06:59:17+00:00\",\"breadcrumb\":{\"@id\":\"https:\/\/audiosoundsas.com\/?product=microfonos-dobles-inalambricos-uhf-999-audio-sound#breadcrumb\"},\"inLanguage\":\"es\",\"potentialAction\":[{\"@type\":\"ReadAction\",\"target\":[\"https:\/\/audiosoundsas.com\/?product=microfonos-dobles-inalambricos-uhf-999-audio-sound\"]}]},{\"@type\":\"BreadcrumbList\",\"@id\":\"https:\/\/audiosoundsas.com\/?product=microfonos-dobles-inalambricos-uhf-999-audio-sound#breadcrumb\",\"itemListElement\":[{\"@type\":\"ListItem\",\"position\":1,\"name\":\"Portada\",\"item\":\"https:\/\/audiosoundsas.com\/\"},{\"@type\":\"ListItem\",\"position\":2,\"name\":\"Productos\",\"item\":\"https:\/\/audiosoundsas.com\/?page_id=8\"},{\"@type\":\"ListItem\",\"position\":3,\"name\":\"Micr\u00f3fonos dobles inal\u00e1mbricos UHF-999 &#8211; Audio Sound\"}]},{\"@type\":\"WebSite\",\"@id\":\"https:\/\/audiosoundsas.com\/#website\",\"url\":\"https:\/\/audiosoundsas.com\/\",\"name\":\"Audiosoundsas\",\"description\":\"P\u00e1gina web oficial de la marca Audio Sound\",\"potentialAction\":[{\"@type\":\"SearchAction\",\"target\":{\"@type\":\"EntryPoint\",\"urlTemplate\":\"https:\/\/audiosoundsas.com\/?s={search_term_string}\"},\"query-input\":\"required name=search_term_string\"}],\"inLanguage\":\"es\"}]}<\/script>\n<!-- \/ Yoast SEO plugin. -->","yoast_head_json":{"title":"Micr\u00f3fonos dobles inal\u00e1mbricos UHF-999 - Audio Sound - Audiosoundsas","robots":{"index":"index","follow":"follow","max-snippet":"max-snippet:-1","max-image-preview":"max-image-preview:large","max-video-preview":"max-video-preview:-1"},"canonical":"https:\/\/audiosoundsas.com\/?product=microfonos-dobles-inalambricos-uhf-999-audio-sound","og_locale":"es_ES","og_type":"article","og_title":"Micr\u00f3fonos dobles inal\u00e1mbricos UHF-999 - Audio Sound - Audiosoundsas","og_description":"\u00bb 200 FRECUENCIAS ESCANEABLES  \u00bb FUNCIONES: Kit micr\u00f3fonos inal\u00e1mbricos de cuerpo met\u00e1lico, pantalla digital, control de volumen independiente, frecuencia escaneable UHF, 100 metros de distancia, salida de se\u00f1al balanceada XLR, Rackeable, din\u00e1mico cardioide. Rango de frecuencias 470-932MHz\u00a0  \u00bbACCESORIOS: Aletas para Rack, adaptador de voltaje, bater\u00edas AA y malet\u00edn de aluminio.","og_url":"https:\/\/audiosoundsas.com\/?product=microfonos-dobles-inalambricos-uhf-999-audio-sound","og_site_name":"Audiosoundsas","article_modified_time":"2024-05-02T06:59:17+00:00","og_image":[{"width":1001,"height":1001,"url":"https:\/\/audiosoundsas.com\/wp-content\/uploads\/2024\/05\/15-UHF-999-PRO-100.jpg","type":"image\/jpeg"}],"twitter_card":"summary_large_image","schema":{"@context":"https:\/\/schema.org","@graph":[{"@type":"WebPage","@id":"https:\/\/audiosoundsas.com\/?product=microfonos-dobles-inalambricos-uhf-999-audio-sound","url":"https:\/\/audiosoundsas.com\/?product=microfonos-dobles-inalambricos-uhf-999-audio-sound","name":"Micr\u00f3fonos dobles inal\u00e1mbricos UHF-999 - Audio Sound - Audiosoundsas","isPartOf":{"@id":"https:\/\/audiosoundsas.com\/#website"},"datePublished":"2024-05-02T06:56:33+00:00","dateModified":"2024-05-02T06:59:17+00:00","breadcrumb":{"@id":"https:\/\/audiosoundsas.com\/?product=microfonos-dobles-inalambricos-uhf-999-audio-sound#breadcrumb"},"inLanguage":"es","potentialAction":[{"@type":"ReadAction","target":["https:\/\/audiosoundsas.com\/?product=microfonos-dobles-inalambricos-uhf-999-audio-sound"]}]},{"@type":"BreadcrumbList","@id":"https:\/\/audiosoundsas.com\/?product=microfonos-dobles-inalambricos-uhf-999-audio-sound#breadcrumb","itemListElement":[{"@type":"ListItem","position":1,"name":"Portada","item":"https:\/\/audiosoundsas.com\/"},{"@type":"ListItem","position":2,"name":"Productos","item":"https:\/\/audiosoundsas.com\/?page_id=8"},{"@type":"ListItem","position":3,"name":"Micr\u00f3fonos dobles inal\u00e1mbricos UHF-999 &#8211; Audio Sound"}]},{"@type":"WebSite","@id":"https:\/\/audiosoundsas.com\/#website","url":"https:\/\/audiosoundsas.com\/","name":"Audiosoundsas","description":"P\u00e1gina web oficial de la marca Audio Sound","potentialAction":[{"@type":"SearchAction","target":{"@type":"EntryPoint","urlTemplate":"https:\/\/audiosoundsas.com\/?s={search_term_string}"},"query-input":"required name=search_term_string"}],"inLanguage":"es"}]}},"_links":{"self":[{"href":"https:\/\/audiosoundsas.com\/index.php?rest_route=\/wp\/v2\/product\/8276","targetHints":{"allow":["GET"]}}],"collection":[{"href":"https:\/\/audiosoundsas.com\/index.php?rest_route=\/wp\/v2\/product"}],"about":[{"href":"https:\/\/audiosoundsas.com\/index.php?rest_route=\/wp\/v2\/types\/product"}],"wp:featuredmedia":[{"embeddable":true,"href":"https:\/\/audiosoundsas.com\/index.php?rest_route=\/wp\/v2\/media\/8277"}],"wp:attachment":[{"href":"https:\/\/audiosoundsas.com\/index.php?rest_route=%2Fwp%2Fv2%2Fmedia&parent=8276"}],"wp:term":[{"taxonomy":"product_cat","embeddable":true,"href":"https:\/\/audiosoundsas.com\/index.php?rest_route=%2Fwp%2Fv2%2Fproduct_cat&post=8276"},{"taxonomy":"product_tag","embeddable":true,"href":"https:\/\/audiosoundsas.com\/index.php?rest_route=%2Fwp%2Fv2%2Fproduct_tag&post=8276"}],"curies":[{"name":"wp","href":"https:\/\/api.w.org\/{rel}","templated":true}]}}