{"id":8390,"date":"2025-09-08T07:36:20","date_gmt":"2025-09-08T12:36:20","guid":{"rendered":"https:\/\/audiosoundsas.com\/?post_type=product&#038;p=8390"},"modified":"2025-09-08T07:36:20","modified_gmt":"2025-09-08T12:36:20","slug":"amplificador-de-sonido-as-amp1000-audio-sound","status":"publish","type":"product","link":"https:\/\/audiosoundsas.com\/?product=amplificador-de-sonido-as-amp1000-audio-sound","title":{"rendered":"Amplificador de sonido AS-AMP1000 \u2013 Audio Sound"},"content":{"rendered":"","protected":false},"excerpt":{"rendered":"<p>POTENCIA:<br \/>\n1.000 watts<br \/>\nFUNCIONES:<br \/>\nMemor\u00eda de grabaci\u00f3n interna 180 segundos para perifoneo, MP3, bluetooth, USB, SD, entrada para 1 micr\u00f3fonos, ecualizador perim\u00e9trico y radio\/FM.<br \/>\nSALIDA:<br \/>\nPara 2 cornetas o parlantes.<br \/>\nOTRAS FUNCIONES:<br \/>\nEntrada 12 V y 110 V, 1 auxiliar de AUDIO OUT y 1 auxiliar de AUDIO IN<br \/>\nACCESORIOS:<br \/>\nControl y manual.<\/p>\n","protected":false},"featured_media":8387,"template":"","meta":[],"product_cat":[28],"product_tag":[],"class_list":{"0":"post-8390","1":"product","2":"type-product","3":"status-publish","4":"has-post-thumbnail","6":"product_cat-amplificadores-de-sonido","8":"first","9":"instock","10":"shipping-taxable","11":"product-type-simple"},"yoast_head":"<!-- This site is optimized with the Yoast SEO plugin v19.8 - https:\/\/yoast.com\/wordpress\/plugins\/seo\/ -->\n<title>Amplificador de sonido AS-AMP1000 \u2013 Audio Sound - Audiosoundsas<\/title>\n<meta name=\"robots\" content=\"index, follow, max-snippet:-1, max-image-preview:large, max-video-preview:-1\" \/>\n<link rel=\"canonical\" href=\"https:\/\/audiosoundsas.com\/?product=amplificador-de-sonido-as-amp1000-audio-sound\" \/>\n<meta property=\"og:locale\" content=\"es_ES\" \/>\n<meta property=\"og:type\" content=\"article\" \/>\n<meta property=\"og:title\" content=\"Amplificador de sonido AS-AMP1000 \u2013 Audio Sound - Audiosoundsas\" \/>\n<meta property=\"og:description\" content=\"POTENCIA: 1.000 watts FUNCIONES: Memor\u00eda de grabaci\u00f3n interna 180 segundos para perifoneo, MP3, bluetooth, USB, SD, entrada para 1 micr\u00f3fonos, ecualizador perim\u00e9trico y radio\/FM. SALIDA: Para 2 cornetas o parlantes. OTRAS FUNCIONES: Entrada 12 V y 110 V, 1 auxiliar de AUDIO OUT y 1 auxiliar de AUDIO IN ACCESORIOS: Control y manual.\" \/>\n<meta property=\"og:url\" content=\"https:\/\/audiosoundsas.com\/?product=amplificador-de-sonido-as-amp1000-audio-sound\" \/>\n<meta property=\"og:site_name\" content=\"Audiosoundsas\" \/>\n<meta property=\"og:image\" content=\"https:\/\/audiosoundsas.com\/wp-content\/uploads\/2025\/09\/AS-AMP1000.jpg\" \/>\n\t<meta property=\"og:image:width\" content=\"1081\" \/>\n\t<meta property=\"og:image:height\" content=\"1081\" \/>\n\t<meta property=\"og:image:type\" content=\"image\/jpeg\" \/>\n<meta name=\"twitter:card\" content=\"summary_large_image\" \/>\n<script type=\"application\/ld+json\" class=\"yoast-schema-graph\">{\"@context\":\"https:\/\/schema.org\",\"@graph\":[{\"@type\":\"WebPage\",\"@id\":\"https:\/\/audiosoundsas.com\/?product=amplificador-de-sonido-as-amp1000-audio-sound\",\"url\":\"https:\/\/audiosoundsas.com\/?product=amplificador-de-sonido-as-amp1000-audio-sound\",\"name\":\"Amplificador de sonido AS-AMP1000 \u2013 Audio Sound - Audiosoundsas\",\"isPartOf\":{\"@id\":\"https:\/\/audiosoundsas.com\/#website\"},\"datePublished\":\"2025-09-08T12:36:20+00:00\",\"dateModified\":\"2025-09-08T12:36:20+00:00\",\"breadcrumb\":{\"@id\":\"https:\/\/audiosoundsas.com\/?product=amplificador-de-sonido-as-amp1000-audio-sound#breadcrumb\"},\"inLanguage\":\"es\",\"potentialAction\":[{\"@type\":\"ReadAction\",\"target\":[\"https:\/\/audiosoundsas.com\/?product=amplificador-de-sonido-as-amp1000-audio-sound\"]}]},{\"@type\":\"BreadcrumbList\",\"@id\":\"https:\/\/audiosoundsas.com\/?product=amplificador-de-sonido-as-amp1000-audio-sound#breadcrumb\",\"itemListElement\":[{\"@type\":\"ListItem\",\"position\":1,\"name\":\"Portada\",\"item\":\"https:\/\/audiosoundsas.com\/\"},{\"@type\":\"ListItem\",\"position\":2,\"name\":\"Productos\",\"item\":\"https:\/\/audiosoundsas.com\/?page_id=8\"},{\"@type\":\"ListItem\",\"position\":3,\"name\":\"Amplificador de sonido AS-AMP1000 \u2013 Audio Sound\"}]},{\"@type\":\"WebSite\",\"@id\":\"https:\/\/audiosoundsas.com\/#website\",\"url\":\"https:\/\/audiosoundsas.com\/\",\"name\":\"Audiosoundsas\",\"description\":\"P\u00e1gina web oficial de la marca Audio Sound\",\"potentialAction\":[{\"@type\":\"SearchAction\",\"target\":{\"@type\":\"EntryPoint\",\"urlTemplate\":\"https:\/\/audiosoundsas.com\/?s={search_term_string}\"},\"query-input\":\"required name=search_term_string\"}],\"inLanguage\":\"es\"}]}<\/script>\n<!-- \/ Yoast SEO plugin. -->","yoast_head_json":{"title":"Amplificador de sonido AS-AMP1000 \u2013 Audio Sound - Audiosoundsas","robots":{"index":"index","follow":"follow","max-snippet":"max-snippet:-1","max-image-preview":"max-image-preview:large","max-video-preview":"max-video-preview:-1"},"canonical":"https:\/\/audiosoundsas.com\/?product=amplificador-de-sonido-as-amp1000-audio-sound","og_locale":"es_ES","og_type":"article","og_title":"Amplificador de sonido AS-AMP1000 \u2013 Audio Sound - Audiosoundsas","og_description":"POTENCIA: 1.000 watts FUNCIONES: Memor\u00eda de grabaci\u00f3n interna 180 segundos para perifoneo, MP3, bluetooth, USB, SD, entrada para 1 micr\u00f3fonos, ecualizador perim\u00e9trico y radio\/FM. SALIDA: Para 2 cornetas o parlantes. OTRAS FUNCIONES: Entrada 12 V y 110 V, 1 auxiliar de AUDIO OUT y 1 auxiliar de AUDIO IN ACCESORIOS: Control y manual.","og_url":"https:\/\/audiosoundsas.com\/?product=amplificador-de-sonido-as-amp1000-audio-sound","og_site_name":"Audiosoundsas","og_image":[{"width":1081,"height":1081,"url":"https:\/\/audiosoundsas.com\/wp-content\/uploads\/2025\/09\/AS-AMP1000.jpg","type":"image\/jpeg"}],"twitter_card":"summary_large_image","schema":{"@context":"https:\/\/schema.org","@graph":[{"@type":"WebPage","@id":"https:\/\/audiosoundsas.com\/?product=amplificador-de-sonido-as-amp1000-audio-sound","url":"https:\/\/audiosoundsas.com\/?product=amplificador-de-sonido-as-amp1000-audio-sound","name":"Amplificador de sonido AS-AMP1000 \u2013 Audio Sound - Audiosoundsas","isPartOf":{"@id":"https:\/\/audiosoundsas.com\/#website"},"datePublished":"2025-09-08T12:36:20+00:00","dateModified":"2025-09-08T12:36:20+00:00","breadcrumb":{"@id":"https:\/\/audiosoundsas.com\/?product=amplificador-de-sonido-as-amp1000-audio-sound#breadcrumb"},"inLanguage":"es","potentialAction":[{"@type":"ReadAction","target":["https:\/\/audiosoundsas.com\/?product=amplificador-de-sonido-as-amp1000-audio-sound"]}]},{"@type":"BreadcrumbList","@id":"https:\/\/audiosoundsas.com\/?product=amplificador-de-sonido-as-amp1000-audio-sound#breadcrumb","itemListElement":[{"@type":"ListItem","position":1,"name":"Portada","item":"https:\/\/audiosoundsas.com\/"},{"@type":"ListItem","position":2,"name":"Productos","item":"https:\/\/audiosoundsas.com\/?page_id=8"},{"@type":"ListItem","position":3,"name":"Amplificador de sonido AS-AMP1000 \u2013 Audio Sound"}]},{"@type":"WebSite","@id":"https:\/\/audiosoundsas.com\/#website","url":"https:\/\/audiosoundsas.com\/","name":"Audiosoundsas","description":"P\u00e1gina web oficial de la marca Audio Sound","potentialAction":[{"@type":"SearchAction","target":{"@type":"EntryPoint","urlTemplate":"https:\/\/audiosoundsas.com\/?s={search_term_string}"},"query-input":"required name=search_term_string"}],"inLanguage":"es"}]}},"_links":{"self":[{"href":"https:\/\/audiosoundsas.com\/index.php?rest_route=\/wp\/v2\/product\/8390","targetHints":{"allow":["GET"]}}],"collection":[{"href":"https:\/\/audiosoundsas.com\/index.php?rest_route=\/wp\/v2\/product"}],"about":[{"href":"https:\/\/audiosoundsas.com\/index.php?rest_route=\/wp\/v2\/types\/product"}],"wp:featuredmedia":[{"embeddable":true,"href":"https:\/\/audiosoundsas.com\/index.php?rest_route=\/wp\/v2\/media\/8387"}],"wp:attachment":[{"href":"https:\/\/audiosoundsas.com\/index.php?rest_route=%2Fwp%2Fv2%2Fmedia&parent=8390"}],"wp:term":[{"taxonomy":"product_cat","embeddable":true,"href":"https:\/\/audiosoundsas.com\/index.php?rest_route=%2Fwp%2Fv2%2Fproduct_cat&post=8390"},{"taxonomy":"product_tag","embeddable":true,"href":"https:\/\/audiosoundsas.com\/index.php?rest_route=%2Fwp%2Fv2%2Fproduct_tag&post=8390"}],"curies":[{"name":"wp","href":"https:\/\/api.w.org\/{rel}","templated":true}]}}