{"id":8459,"date":"2025-09-22T08:18:02","date_gmt":"2025-09-22T13:18:02","guid":{"rendered":"https:\/\/audiosoundsas.com\/?post_type=product&#038;p=8459"},"modified":"2025-09-22T08:22:34","modified_gmt":"2025-09-22T13:22:34","slug":"microfono-inalambrico-uhf-800-audio-sound","status":"publish","type":"product","link":"https:\/\/audiosoundsas.com\/?product=microfono-inalambrico-uhf-800-audio-sound","title":{"rendered":"Micr\u00f3fono inal\u00e1mbrico UHF-800 \u2013 Audio Sound"},"content":{"rendered":"","protected":false},"excerpt":{"rendered":"<p>200 FRECUENCIAS ESCANEABLES.<br \/>\nFUNCIONES: Kit micr\u00f3fonos inal\u00e1mbricos de CUERPO MET\u00c1LICO, pantalla digital, control de volumen independiente, frecuencia escaneable UHF 600 MHz y enlace autom\u00e1tico por infrarojo, 100 metros de distancia, salida de se\u00f1al balanceada XLR, din\u00e1mico cardioide.<br \/>\nACCESORIOS: Adaptador de voltaje, bater\u00edas AA y MALET\u00cdN DE PL\u00c1STICO.<\/p>\n","protected":false},"featured_media":8460,"template":"","meta":[],"product_cat":[85],"product_tag":[],"class_list":{"0":"post-8459","1":"product","2":"type-product","3":"status-publish","4":"has-post-thumbnail","6":"product_cat-microfonos-inalambricos","8":"first","9":"instock","10":"shipping-taxable","11":"product-type-simple"},"yoast_head":"<!-- This site is optimized with the Yoast SEO plugin v19.8 - https:\/\/yoast.com\/wordpress\/plugins\/seo\/ -->\n<title>Micr\u00f3fono inal\u00e1mbrico UHF-800 \u2013 Audio Sound - Audiosoundsas<\/title>\n<meta name=\"robots\" content=\"index, follow, max-snippet:-1, max-image-preview:large, max-video-preview:-1\" \/>\n<link rel=\"canonical\" href=\"https:\/\/audiosoundsas.com\/?product=microfono-inalambrico-uhf-800-audio-sound\" \/>\n<meta property=\"og:locale\" content=\"es_ES\" \/>\n<meta property=\"og:type\" content=\"article\" \/>\n<meta property=\"og:title\" content=\"Micr\u00f3fono inal\u00e1mbrico UHF-800 \u2013 Audio Sound - Audiosoundsas\" \/>\n<meta property=\"og:description\" content=\"200 FRECUENCIAS ESCANEABLES. FUNCIONES: Kit micr\u00f3fonos inal\u00e1mbricos de CUERPO MET\u00c1LICO, pantalla digital, control de volumen independiente, frecuencia escaneable UHF 600 MHz y enlace autom\u00e1tico por infrarojo, 100 metros de distancia, salida de se\u00f1al balanceada XLR, din\u00e1mico cardioide. ACCESORIOS: Adaptador de voltaje, bater\u00edas AA y MALET\u00cdN DE PL\u00c1STICO.\" \/>\n<meta property=\"og:url\" content=\"https:\/\/audiosoundsas.com\/?product=microfono-inalambrico-uhf-800-audio-sound\" \/>\n<meta property=\"og:site_name\" content=\"Audiosoundsas\" \/>\n<meta property=\"article:modified_time\" content=\"2025-09-22T13:22:34+00:00\" \/>\n<meta property=\"og:image\" content=\"https:\/\/audiosoundsas.com\/wp-content\/uploads\/2025\/09\/UHF-800-1.jpg\" \/>\n\t<meta property=\"og:image:width\" content=\"1081\" \/>\n\t<meta property=\"og:image:height\" content=\"1081\" \/>\n\t<meta property=\"og:image:type\" content=\"image\/jpeg\" \/>\n<meta name=\"twitter:card\" content=\"summary_large_image\" \/>\n<script type=\"application\/ld+json\" class=\"yoast-schema-graph\">{\"@context\":\"https:\/\/schema.org\",\"@graph\":[{\"@type\":\"WebPage\",\"@id\":\"https:\/\/audiosoundsas.com\/?product=microfono-inalambrico-uhf-800-audio-sound\",\"url\":\"https:\/\/audiosoundsas.com\/?product=microfono-inalambrico-uhf-800-audio-sound\",\"name\":\"Micr\u00f3fono inal\u00e1mbrico UHF-800 \u2013 Audio Sound - Audiosoundsas\",\"isPartOf\":{\"@id\":\"https:\/\/audiosoundsas.com\/#website\"},\"datePublished\":\"2025-09-22T13:18:02+00:00\",\"dateModified\":\"2025-09-22T13:22:34+00:00\",\"breadcrumb\":{\"@id\":\"https:\/\/audiosoundsas.com\/?product=microfono-inalambrico-uhf-800-audio-sound#breadcrumb\"},\"inLanguage\":\"es\",\"potentialAction\":[{\"@type\":\"ReadAction\",\"target\":[\"https:\/\/audiosoundsas.com\/?product=microfono-inalambrico-uhf-800-audio-sound\"]}]},{\"@type\":\"BreadcrumbList\",\"@id\":\"https:\/\/audiosoundsas.com\/?product=microfono-inalambrico-uhf-800-audio-sound#breadcrumb\",\"itemListElement\":[{\"@type\":\"ListItem\",\"position\":1,\"name\":\"Portada\",\"item\":\"https:\/\/audiosoundsas.com\/\"},{\"@type\":\"ListItem\",\"position\":2,\"name\":\"Productos\",\"item\":\"https:\/\/audiosoundsas.com\/?page_id=8\"},{\"@type\":\"ListItem\",\"position\":3,\"name\":\"Micr\u00f3fono inal\u00e1mbrico UHF-800 \u2013 Audio Sound\"}]},{\"@type\":\"WebSite\",\"@id\":\"https:\/\/audiosoundsas.com\/#website\",\"url\":\"https:\/\/audiosoundsas.com\/\",\"name\":\"Audiosoundsas\",\"description\":\"P\u00e1gina web oficial de la marca Audio Sound\",\"potentialAction\":[{\"@type\":\"SearchAction\",\"target\":{\"@type\":\"EntryPoint\",\"urlTemplate\":\"https:\/\/audiosoundsas.com\/?s={search_term_string}\"},\"query-input\":\"required name=search_term_string\"}],\"inLanguage\":\"es\"}]}<\/script>\n<!-- \/ Yoast SEO plugin. -->","yoast_head_json":{"title":"Micr\u00f3fono inal\u00e1mbrico UHF-800 \u2013 Audio Sound - Audiosoundsas","robots":{"index":"index","follow":"follow","max-snippet":"max-snippet:-1","max-image-preview":"max-image-preview:large","max-video-preview":"max-video-preview:-1"},"canonical":"https:\/\/audiosoundsas.com\/?product=microfono-inalambrico-uhf-800-audio-sound","og_locale":"es_ES","og_type":"article","og_title":"Micr\u00f3fono inal\u00e1mbrico UHF-800 \u2013 Audio Sound - Audiosoundsas","og_description":"200 FRECUENCIAS ESCANEABLES. FUNCIONES: Kit micr\u00f3fonos inal\u00e1mbricos de CUERPO MET\u00c1LICO, pantalla digital, control de volumen independiente, frecuencia escaneable UHF 600 MHz y enlace autom\u00e1tico por infrarojo, 100 metros de distancia, salida de se\u00f1al balanceada XLR, din\u00e1mico cardioide. ACCESORIOS: Adaptador de voltaje, bater\u00edas AA y MALET\u00cdN DE PL\u00c1STICO.","og_url":"https:\/\/audiosoundsas.com\/?product=microfono-inalambrico-uhf-800-audio-sound","og_site_name":"Audiosoundsas","article_modified_time":"2025-09-22T13:22:34+00:00","og_image":[{"width":1081,"height":1081,"url":"https:\/\/audiosoundsas.com\/wp-content\/uploads\/2025\/09\/UHF-800-1.jpg","type":"image\/jpeg"}],"twitter_card":"summary_large_image","schema":{"@context":"https:\/\/schema.org","@graph":[{"@type":"WebPage","@id":"https:\/\/audiosoundsas.com\/?product=microfono-inalambrico-uhf-800-audio-sound","url":"https:\/\/audiosoundsas.com\/?product=microfono-inalambrico-uhf-800-audio-sound","name":"Micr\u00f3fono inal\u00e1mbrico UHF-800 \u2013 Audio Sound - Audiosoundsas","isPartOf":{"@id":"https:\/\/audiosoundsas.com\/#website"},"datePublished":"2025-09-22T13:18:02+00:00","dateModified":"2025-09-22T13:22:34+00:00","breadcrumb":{"@id":"https:\/\/audiosoundsas.com\/?product=microfono-inalambrico-uhf-800-audio-sound#breadcrumb"},"inLanguage":"es","potentialAction":[{"@type":"ReadAction","target":["https:\/\/audiosoundsas.com\/?product=microfono-inalambrico-uhf-800-audio-sound"]}]},{"@type":"BreadcrumbList","@id":"https:\/\/audiosoundsas.com\/?product=microfono-inalambrico-uhf-800-audio-sound#breadcrumb","itemListElement":[{"@type":"ListItem","position":1,"name":"Portada","item":"https:\/\/audiosoundsas.com\/"},{"@type":"ListItem","position":2,"name":"Productos","item":"https:\/\/audiosoundsas.com\/?page_id=8"},{"@type":"ListItem","position":3,"name":"Micr\u00f3fono inal\u00e1mbrico UHF-800 \u2013 Audio Sound"}]},{"@type":"WebSite","@id":"https:\/\/audiosoundsas.com\/#website","url":"https:\/\/audiosoundsas.com\/","name":"Audiosoundsas","description":"P\u00e1gina web oficial de la marca Audio Sound","potentialAction":[{"@type":"SearchAction","target":{"@type":"EntryPoint","urlTemplate":"https:\/\/audiosoundsas.com\/?s={search_term_string}"},"query-input":"required name=search_term_string"}],"inLanguage":"es"}]}},"_links":{"self":[{"href":"https:\/\/audiosoundsas.com\/index.php?rest_route=\/wp\/v2\/product\/8459","targetHints":{"allow":["GET"]}}],"collection":[{"href":"https:\/\/audiosoundsas.com\/index.php?rest_route=\/wp\/v2\/product"}],"about":[{"href":"https:\/\/audiosoundsas.com\/index.php?rest_route=\/wp\/v2\/types\/product"}],"wp:featuredmedia":[{"embeddable":true,"href":"https:\/\/audiosoundsas.com\/index.php?rest_route=\/wp\/v2\/media\/8460"}],"wp:attachment":[{"href":"https:\/\/audiosoundsas.com\/index.php?rest_route=%2Fwp%2Fv2%2Fmedia&parent=8459"}],"wp:term":[{"taxonomy":"product_cat","embeddable":true,"href":"https:\/\/audiosoundsas.com\/index.php?rest_route=%2Fwp%2Fv2%2Fproduct_cat&post=8459"},{"taxonomy":"product_tag","embeddable":true,"href":"https:\/\/audiosoundsas.com\/index.php?rest_route=%2Fwp%2Fv2%2Fproduct_tag&post=8459"}],"curies":[{"name":"wp","href":"https:\/\/api.w.org\/{rel}","templated":true}]}}